{"id":1094,"date":"2017-11-07T15:46:21","date_gmt":"2017-11-07T14:46:21","guid":{"rendered":"http:\/\/www.eroticpraguemassage.com\/?page_id=1094"},"modified":"2019-08-07T10:53:18","modified_gmt":"2019-08-07T08:53:18","slug":"interior","status":"publish","type":"page","link":"https:\/\/www.eroticpraguemassage.com\/en\/interior\/","title":{"rendered":"Interior"},"content":{"rendered":"\n\t<!-- Begin Video.js -->\n\t<video id=\"videojs_id_1424296860\" class=\"video-js vjs-fluid\" width=\"100%\" height=\"360\" poster=\"http:\/\/www.eroticpraguemassage.com\/wp-content\/uploads\/2017\/11\/isabella1-1.jpg\" controls preload=\"none\" data-setup='[]'>\n\t\t<source src=\"http:\/\/www.eroticpraguemassage.com\/wp-content\/uploads\/2018\/04\/movieEPM.mp4\" type='video\/mp4' \/>\n\t\t<source src=\"http:\/\/www.eroticpraguemassage.com\/wp-content\/uploads\/2018\/04\/movieEPM.webm\" type='video\/webm; codecs=\"vp8, vorbis\"' \/>\n        \n\t\t\n\t<\/video>\n\t<!-- End Video.js -->\n\n<div id='gallery-1' class='iwmp-gallery gallery galleryid-1094 gallery-columns-4 gallery-size-thumbnail'><figure class='gallery-item'>\r\n\t\t\t<div class='gallery-icon landscape'>\r\n\t\t\t\t<a title=\"interior5\" href='https:\/\/www.eroticpraguemassage.com\/wp-content\/uploads\/2017\/11\/interior5.jpg'><img width=\"150\" height=\"150\" src=\"https:\/\/www.eroticpraguemassage.com\/wp-content\/uploads\/2017\/11\/interior5-150x150.jpg\" class=\"attachment-thumbnail size-thumbnail\" alt=\"\" loading=\"lazy\" \/><\/a>\r\n\t\t\t<\/div><\/figure><figure class='gallery-item'>\r\n\t\t\t<div class='gallery-icon landscape'>\r\n\t\t\t\t<a title=\"interior1\" href='https:\/\/www.eroticpraguemassage.com\/wp-content\/uploads\/2017\/11\/interior1.jpg'><img width=\"150\" height=\"150\" src=\"https:\/\/www.eroticpraguemassage.com\/wp-content\/uploads\/2017\/11\/interior1-150x150.jpg\" class=\"attachment-thumbnail size-thumbnail\" alt=\"\" loading=\"lazy\" \/><\/a>\r\n\t\t\t<\/div><\/figure><figure class='gallery-item'>\r\n\t\t\t<div class='gallery-icon landscape'>\r\n\t\t\t\t<a title=\"interior8\" href='https:\/\/www.eroticpraguemassage.com\/wp-content\/uploads\/2017\/11\/interior8.jpg'><img width=\"150\" height=\"150\" src=\"https:\/\/www.eroticpraguemassage.com\/wp-content\/uploads\/2017\/11\/interior8-150x150.jpg\" class=\"attachment-thumbnail size-thumbnail\" alt=\"\" loading=\"lazy\" \/><\/a>\r\n\t\t\t<\/div><\/figure><figure class='gallery-item'>\r\n\t\t\t<div class='gallery-icon landscape'>\r\n\t\t\t\t<a title=\"interior11\" href='https:\/\/www.eroticpraguemassage.com\/wp-content\/uploads\/2017\/11\/interior11.jpg'><img width=\"150\" height=\"150\" src=\"https:\/\/www.eroticpraguemassage.com\/wp-content\/uploads\/2017\/11\/interior11-150x150.jpg\" class=\"attachment-thumbnail size-thumbnail\" alt=\"\" loading=\"lazy\" \/><\/a>\r\n\t\t\t<\/div><\/figure><figure class='gallery-item'>\r\n\t\t\t<div class='gallery-icon landscape'>\r\n\t\t\t\t<a title=\"interior14\" href='https:\/\/www.eroticpraguemassage.com\/wp-content\/uploads\/2017\/11\/interior14.jpg'><img width=\"150\" height=\"150\" src=\"https:\/\/www.eroticpraguemassage.com\/wp-content\/uploads\/2017\/11\/interior14-150x150.jpg\" class=\"attachment-thumbnail size-thumbnail\" alt=\"\" loading=\"lazy\" \/><\/a>\r\n\t\t\t<\/div><\/figure><figure class='gallery-item'>\r\n\t\t\t<div class='gallery-icon landscape'>\r\n\t\t\t\t<a title=\"interior2\" href='https:\/\/www.eroticpraguemassage.com\/wp-content\/uploads\/2017\/11\/interior2.jpg'><img width=\"150\" height=\"150\" src=\"https:\/\/www.eroticpraguemassage.com\/wp-content\/uploads\/2017\/11\/interior2-150x150.jpg\" class=\"attachment-thumbnail size-thumbnail\" alt=\"\" loading=\"lazy\" \/><\/a>\r\n\t\t\t<\/div><\/figure><figure class='gallery-item'>\r\n\t\t\t<div class='gallery-icon landscape'>\r\n\t\t\t\t<a title=\"interior6\" href='https:\/\/www.eroticpraguemassage.com\/wp-content\/uploads\/2017\/11\/interior6.jpg'><img width=\"150\" height=\"150\" src=\"https:\/\/www.eroticpraguemassage.com\/wp-content\/uploads\/2017\/11\/interior6-150x150.jpg\" class=\"attachment-thumbnail size-thumbnail\" alt=\"\" loading=\"lazy\" \/><\/a>\r\n\t\t\t<\/div><\/figure><figure class='gallery-item'>\r\n\t\t\t<div class='gallery-icon landscape'>\r\n\t\t\t\t<a title=\"interior9\" href='https:\/\/www.eroticpraguemassage.com\/wp-content\/uploads\/2017\/11\/interior9.jpg'><img width=\"150\" height=\"150\" src=\"https:\/\/www.eroticpraguemassage.com\/wp-content\/uploads\/2017\/11\/interior9-150x150.jpg\" class=\"attachment-thumbnail size-thumbnail\" alt=\"\" loading=\"lazy\" \/><\/a>\r\n\t\t\t<\/div><\/figure><figure class='gallery-item'>\r\n\t\t\t<div class='gallery-icon landscape'>\r\n\t\t\t\t<a title=\"interior12\" href='https:\/\/www.eroticpraguemassage.com\/wp-content\/uploads\/2017\/11\/interior12.jpg'><img width=\"150\" height=\"150\" src=\"https:\/\/www.eroticpraguemassage.com\/wp-content\/uploads\/2017\/11\/interior12-150x150.jpg\" class=\"attachment-thumbnail size-thumbnail\" alt=\"\" loading=\"lazy\" \/><\/a>\r\n\t\t\t<\/div><\/figure><figure class='gallery-item'>\r\n\t\t\t<div class='gallery-icon landscape'>\r\n\t\t\t\t<a title=\"interior15\" href='https:\/\/www.eroticpraguemassage.com\/wp-content\/uploads\/2017\/11\/interior15.jpg'><img width=\"150\" height=\"150\" src=\"https:\/\/www.eroticpraguemassage.com\/wp-content\/uploads\/2017\/11\/interior15-150x150.jpg\" class=\"attachment-thumbnail size-thumbnail\" alt=\"\" loading=\"lazy\" \/><\/a>\r\n\t\t\t<\/div><\/figure><figure class='gallery-item'>\r\n\t\t\t<div class='gallery-icon landscape'>\r\n\t\t\t\t<a title=\"interior17\" href='https:\/\/www.eroticpraguemassage.com\/wp-content\/uploads\/2017\/11\/interior17.jpg'><img width=\"150\" height=\"150\" src=\"https:\/\/www.eroticpraguemassage.com\/wp-content\/uploads\/2017\/11\/interior17-150x150.jpg\" class=\"attachment-thumbnail size-thumbnail\" alt=\"\" loading=\"lazy\" \/><\/a>\r\n\t\t\t<\/div><\/figure><figure class='gallery-item'>\r\n\t\t\t<div class='gallery-icon landscape'>\r\n\t\t\t\t<a title=\"interior3\" href='https:\/\/www.eroticpraguemassage.com\/wp-content\/uploads\/2017\/11\/interior3.jpg'><img width=\"150\" height=\"150\" src=\"https:\/\/www.eroticpraguemassage.com\/wp-content\/uploads\/2017\/11\/interior3-150x150.jpg\" class=\"attachment-thumbnail size-thumbnail\" alt=\"\" loading=\"lazy\" \/><\/a>\r\n\t\t\t<\/div><\/figure><figure class='gallery-item'>\r\n\t\t\t<div class='gallery-icon landscape'>\r\n\t\t\t\t<a title=\"interior4\" href='https:\/\/www.eroticpraguemassage.com\/wp-content\/uploads\/2017\/11\/interior4.jpg'><img width=\"150\" height=\"150\" src=\"https:\/\/www.eroticpraguemassage.com\/wp-content\/uploads\/2017\/11\/interior4-150x150.jpg\" class=\"attachment-thumbnail size-thumbnail\" alt=\"\" loading=\"lazy\" \/><\/a>\r\n\t\t\t<\/div><\/figure><figure class='gallery-item'>\r\n\t\t\t<div class='gallery-icon landscape'>\r\n\t\t\t\t<a title=\"interior7\" href='https:\/\/www.eroticpraguemassage.com\/wp-content\/uploads\/2017\/11\/interior7.jpg'><img width=\"150\" height=\"150\" src=\"https:\/\/www.eroticpraguemassage.com\/wp-content\/uploads\/2017\/11\/interior7-150x150.jpg\" class=\"attachment-thumbnail size-thumbnail\" alt=\"\" loading=\"lazy\" \/><\/a>\r\n\t\t\t<\/div><\/figure><figure class='gallery-item'>\r\n\t\t\t<div class='gallery-icon landscape'>\r\n\t\t\t\t<a title=\"interior10\" href='https:\/\/www.eroticpraguemassage.com\/wp-content\/uploads\/2017\/11\/interior10.jpg'><img width=\"150\" height=\"150\" src=\"https:\/\/www.eroticpraguemassage.com\/wp-content\/uploads\/2017\/11\/interior10-150x150.jpg\" class=\"attachment-thumbnail size-thumbnail\" alt=\"\" loading=\"lazy\" \/><\/a>\r\n\t\t\t<\/div><\/figure><figure class='gallery-item'>\r\n\t\t\t<div class='gallery-icon landscape'>\r\n\t\t\t\t<a title=\"interior13\" href='https:\/\/www.eroticpraguemassage.com\/wp-content\/uploads\/2017\/11\/interior13.jpg'><img width=\"150\" height=\"150\" src=\"https:\/\/www.eroticpraguemassage.com\/wp-content\/uploads\/2017\/11\/interior13-150x150.jpg\" class=\"attachment-thumbnail size-thumbnail\" alt=\"\" loading=\"lazy\" \/><\/a>\r\n\t\t\t<\/div><\/figure><figure class='gallery-item'>\r\n\t\t\t<div class='gallery-icon landscape'>\r\n\t\t\t\t<a title=\"interior16\" href='https:\/\/www.eroticpraguemassage.com\/wp-content\/uploads\/2017\/11\/interior16.jpg'><img width=\"150\" height=\"150\" src=\"https:\/\/www.eroticpraguemassage.com\/wp-content\/uploads\/2017\/11\/interior16-150x150.jpg\" class=\"attachment-thumbnail size-thumbnail\" alt=\"\" loading=\"lazy\" \/><\/a>\r\n\t\t\t<\/div><\/figure><figure class='gallery-item'>\r\n\t\t\t<div class='gallery-icon landscape'>\r\n\t\t\t\t<a title=\"interior18\" href='https:\/\/www.eroticpraguemassage.com\/wp-content\/uploads\/2017\/11\/interior18.jpg'><img width=\"150\" height=\"150\" src=\"https:\/\/www.eroticpraguemassage.com\/wp-content\/uploads\/2017\/11\/interior18-150x150.jpg\" class=\"attachment-thumbnail size-thumbnail\" alt=\"\" loading=\"lazy\" \/><\/a>\r\n\t\t\t<\/div><\/figure>\r\n\t\t<\/div>\n\n","protected":false},"excerpt":{"rendered":"","protected":false},"author":5,"featured_media":0,"parent":0,"menu_order":5,"comment_status":"closed","ping_status":"closed","template":"","meta":[],"acf":[],"yoast_head":"<!-- This site is optimized with the Yoast SEO plugin v17.9 - https:\/\/yoast.com\/wordpress\/plugins\/seo\/ -->\n<title>Interior of our establishment - comfortable &amp; sumptuous premises<\/title>\n<meta name=\"description\" content=\"Here we show the interior of our establishment.\u2b50\ufe0f Everyhing calculated so as to maximize you experience. \u2b50\ufe0f Splendour &amp; suggestive magical atmosphere. \u2b50\ufe0f\" \/>\n<meta name=\"robots\" content=\"index, follow, max-snippet:-1, max-image-preview:large, max-video-preview:-1\" \/>\n<link rel=\"canonical\" href=\"https:\/\/www.eroticpraguemassage.com\/en\/interior\/\" \/>\n<meta property=\"og:locale\" content=\"en_US\" \/>\n<meta property=\"og:type\" content=\"article\" \/>\n<meta property=\"og:title\" content=\"Interior of our establishment - comfortable &amp; sumptuous premises\" \/>\n<meta property=\"og:description\" content=\"Here we show the interior of our establishment.\u2b50\ufe0f Everyhing calculated so as to maximize you experience. \u2b50\ufe0f Splendour &amp; suggestive magical atmosphere. \u2b50\ufe0f\" \/>\n<meta property=\"og:url\" content=\"https:\/\/www.eroticpraguemassage.com\/en\/interior\/\" \/>\n<meta property=\"og:site_name\" content=\"Erotick\u00e9 mas\u00e1\u017ee v Praze s escort servisem\" \/>\n<meta property=\"article:modified_time\" content=\"2019-08-07T08:53:18+00:00\" \/>\n<meta property=\"og:image\" content=\"https:\/\/www.eroticpraguemassage.com\/wp-content\/uploads\/2017\/11\/interior5-150x150.jpg\" \/>\n<meta name=\"twitter:card\" content=\"summary_large_image\" \/>\n<script type=\"application\/ld+json\" class=\"yoast-schema-graph\">{\"@context\":\"https:\/\/schema.org\",\"@graph\":[{\"@type\":\"WebSite\",\"@id\":\"https:\/\/www.eroticpraguemassage.com\/en\/#website\",\"url\":\"https:\/\/www.eroticpraguemassage.com\/en\/\",\"name\":\"Erotick\\u00e9 mas\\u00e1\\u017ee v Praze s escort servisem\",\"description\":\"Za\\u017eijte luxusn\\u00ed erotick\\u00e9 mas\\u00e1\\u017ee v Praze! Krom\\u011b erotick\\u00fdch mas\\u00e1\\u017e\\u00ed nab\\u00edz\\u00edme tantra mas\\u00e1\\u017ee, nuru mas\\u00e1\\u017ee, escort mas\\u00e1\\u017ee a dal\\u0161\\u00ed.\",\"potentialAction\":[{\"@type\":\"SearchAction\",\"target\":{\"@type\":\"EntryPoint\",\"urlTemplate\":\"https:\/\/www.eroticpraguemassage.com\/en\/?s={search_term_string}\"},\"query-input\":\"required name=search_term_string\"}],\"inLanguage\":\"en-US\"},{\"@type\":\"WebPage\",\"@id\":\"https:\/\/www.eroticpraguemassage.com\/en\/interior\/#webpage\",\"url\":\"https:\/\/www.eroticpraguemassage.com\/en\/interior\/\",\"name\":\"Interior of our establishment - comfortable & sumptuous premises\",\"isPartOf\":{\"@id\":\"https:\/\/www.eroticpraguemassage.com\/en\/#website\"},\"datePublished\":\"2017-11-07T14:46:21+00:00\",\"dateModified\":\"2019-08-07T08:53:18+00:00\",\"description\":\"Here we show the interior of our establishment.\\u2b50\\ufe0f Everyhing calculated so as to maximize you experience. \\u2b50\\ufe0f Splendour & suggestive magical atmosphere. \\u2b50\\ufe0f\",\"breadcrumb\":{\"@id\":\"https:\/\/www.eroticpraguemassage.com\/en\/interior\/#breadcrumb\"},\"inLanguage\":\"en-US\",\"potentialAction\":[{\"@type\":\"ReadAction\",\"target\":[\"https:\/\/www.eroticpraguemassage.com\/en\/interior\/\"]}]},{\"@type\":\"BreadcrumbList\",\"@id\":\"https:\/\/www.eroticpraguemassage.com\/en\/interior\/#breadcrumb\",\"itemListElement\":[{\"@type\":\"ListItem\",\"position\":1,\"name\":\"Dom\\u016f\",\"item\":\"https:\/\/www.eroticpraguemassage.com\/en\/\"},{\"@type\":\"ListItem\",\"position\":2,\"name\":\"Interior\"}]}]}<\/script>\n<!-- \/ Yoast SEO plugin. -->","yoast_head_json":{"title":"Interior of our establishment - comfortable & sumptuous premises","description":"Here we show the interior of our establishment.\u2b50\ufe0f Everyhing calculated so as to maximize you experience. \u2b50\ufe0f Splendour & suggestive magical atmosphere. \u2b50\ufe0f","robots":{"index":"index","follow":"follow","max-snippet":"max-snippet:-1","max-image-preview":"max-image-preview:large","max-video-preview":"max-video-preview:-1"},"canonical":"https:\/\/www.eroticpraguemassage.com\/en\/interior\/","og_locale":"en_US","og_type":"article","og_title":"Interior of our establishment - comfortable & sumptuous premises","og_description":"Here we show the interior of our establishment.\u2b50\ufe0f Everyhing calculated so as to maximize you experience. \u2b50\ufe0f Splendour & suggestive magical atmosphere. \u2b50\ufe0f","og_url":"https:\/\/www.eroticpraguemassage.com\/en\/interior\/","og_site_name":"Erotick\u00e9 mas\u00e1\u017ee v Praze s escort servisem","article_modified_time":"2019-08-07T08:53:18+00:00","og_image":[{"url":"https:\/\/www.eroticpraguemassage.com\/wp-content\/uploads\/2017\/11\/interior5-150x150.jpg"}],"twitter_card":"summary_large_image","schema":{"@context":"https:\/\/schema.org","@graph":[{"@type":"WebSite","@id":"https:\/\/www.eroticpraguemassage.com\/en\/#website","url":"https:\/\/www.eroticpraguemassage.com\/en\/","name":"Erotick\u00e9 mas\u00e1\u017ee v Praze s escort servisem","description":"Za\u017eijte luxusn\u00ed erotick\u00e9 mas\u00e1\u017ee v Praze! Krom\u011b erotick\u00fdch mas\u00e1\u017e\u00ed nab\u00edz\u00edme tantra mas\u00e1\u017ee, nuru mas\u00e1\u017ee, escort mas\u00e1\u017ee a dal\u0161\u00ed.","potentialAction":[{"@type":"SearchAction","target":{"@type":"EntryPoint","urlTemplate":"https:\/\/www.eroticpraguemassage.com\/en\/?s={search_term_string}"},"query-input":"required name=search_term_string"}],"inLanguage":"en-US"},{"@type":"WebPage","@id":"https:\/\/www.eroticpraguemassage.com\/en\/interior\/#webpage","url":"https:\/\/www.eroticpraguemassage.com\/en\/interior\/","name":"Interior of our establishment - comfortable & sumptuous premises","isPartOf":{"@id":"https:\/\/www.eroticpraguemassage.com\/en\/#website"},"datePublished":"2017-11-07T14:46:21+00:00","dateModified":"2019-08-07T08:53:18+00:00","description":"Here we show the interior of our establishment.\u2b50\ufe0f Everyhing calculated so as to maximize you experience. \u2b50\ufe0f Splendour & suggestive magical atmosphere. \u2b50\ufe0f","breadcrumb":{"@id":"https:\/\/www.eroticpraguemassage.com\/en\/interior\/#breadcrumb"},"inLanguage":"en-US","potentialAction":[{"@type":"ReadAction","target":["https:\/\/www.eroticpraguemassage.com\/en\/interior\/"]}]},{"@type":"BreadcrumbList","@id":"https:\/\/www.eroticpraguemassage.com\/en\/interior\/#breadcrumb","itemListElement":[{"@type":"ListItem","position":1,"name":"Dom\u016f","item":"https:\/\/www.eroticpraguemassage.com\/en\/"},{"@type":"ListItem","position":2,"name":"Interior"}]}]}},"_links":{"self":[{"href":"https:\/\/www.eroticpraguemassage.com\/en\/wp-json\/wp\/v2\/pages\/1094"}],"collection":[{"href":"https:\/\/www.eroticpraguemassage.com\/en\/wp-json\/wp\/v2\/pages"}],"about":[{"href":"https:\/\/www.eroticpraguemassage.com\/en\/wp-json\/wp\/v2\/types\/page"}],"author":[{"embeddable":true,"href":"https:\/\/www.eroticpraguemassage.com\/en\/wp-json\/wp\/v2\/users\/5"}],"replies":[{"embeddable":true,"href":"https:\/\/www.eroticpraguemassage.com\/en\/wp-json\/wp\/v2\/comments?post=1094"}],"version-history":[{"count":0,"href":"https:\/\/www.eroticpraguemassage.com\/en\/wp-json\/wp\/v2\/pages\/1094\/revisions"}],"wp:attachment":[{"href":"https:\/\/www.eroticpraguemassage.com\/en\/wp-json\/wp\/v2\/media?parent=1094"}],"curies":[{"name":"wp","href":"https:\/\/api.w.org\/{rel}","templated":true}]}}