{"id":518,"date":"2016-01-08T12:57:27","date_gmt":"2016-01-08T11:57:27","guid":{"rendered":"http:\/\/www.eroticpraguemassage.com\/?page_id=518"},"modified":"2017-11-07T23:44:35","modified_gmt":"2017-11-07T22:44:35","slug":"masseuses-and-masseurs","status":"publish","type":"page","link":"https:\/\/www.eroticpraguemassage.com\/en\/masseuses-and-masseurs\/","title":{"rendered":"Masseuses and masseurs"},"content":{"rendered":"<p>Because the philosophy of our parlour is to provide high-quality and well-balanced services, a close attention is paid to the selection of our <strong>masseuses Prague<\/strong> selection to fulfil all needs of the clients. Our ladies belong to the most beautiful professional masseuses in the Czech Republic, and their touches are often compared to the caresses of angels\u2019 wings. They have undergone wide-ranging training and are highly respected and experienced professionals in their field. They are also well-trained in advanced techniques of massages of all kinds &#8211; <a href=\"http:\/\/www.eroticpraguemassage.com\/en\/masaz\/nuru-massage-prague\/\">Nuru<\/a>, <a href=\"http:\/\/www.eroticpraguemassage.com\/en\/masaz\/tanrta-massage-prague\/\">Tantra<\/a>, traditional, Chinese, Ayurvedic, Thai massages, and other restorative procedures and techniques. They can massage your whole body or just focus on particular areas: intimate parts, prostate glad, feet, abdomen, chest, hips, crotch etc. And because some <a href=\"http:\/\/www.eroticpraguemassage.com\/en\/massage-offer\/\">advanced massage techniques<\/a> involve the whole body of a masseuse, not just her palms and hands, this strenuous work requires the masseuses to be in perfect physical health and condition. They will provide relief to your body, raise your mind and boost your zest for life. To fulfill such aim, our masseuses must be able to empathise with the needs of individual clients, relax them and induce a feeling of deep sympathy. Thus, our masseuses are also chosen on the basis of their mental maturity, pleasant attitude and kind personality.<\/p>\n<h2>Masseuses Prague \u2013 a Piece of Heaven in a Touch<\/h2>\n<p>Although the ancient art of massages was discovered in the Far East or the mysterious India, it has found its admirers and connoisseurs even in the heart of Europe. The beautiful city of Prague with its rich history represents the ideal place to explore the pleasant aspects of life, including <a href=\"http:\/\/www.eroticpraguemassage.com\/en\/\">erotic massages<\/a>. And in the art of erotic massages, masseuses from our parlour belong to the absolute top. Visit us and find out that you can experience a piece of heaven with a simple touch.<\/p>\n","protected":false},"excerpt":{"rendered":"<p>Because the philosophy of our parlour is to provide high-quality and well-balanced services, a close attention is paid to the selection of our masseuses Prague selection to fulfil all needs of the clients. Our ladies belong to the most beautiful professional masseuses in the Czech Republic, and their touches are often compared to the caresses [&hellip;]<\/p>\n","protected":false},"author":5,"featured_media":0,"parent":0,"menu_order":8,"comment_status":"open","ping_status":"open","template":"template-maserky.php","meta":[],"acf":[],"yoast_head":"<!-- This site is optimized with the Yoast SEO plugin v17.9 - https:\/\/yoast.com\/wordpress\/plugins\/seo\/ -->\n<title>Masseuses Prague - Choice of our Young Girls providing Erotic Massages<\/title>\n<meta name=\"description\" content=\"You will find young, charming masseuses in our massage parlour in Prague! Our girls are talented professionals in the art of erotic massages and sexuality.\" \/>\n<meta name=\"robots\" content=\"index, follow, max-snippet:-1, max-image-preview:large, max-video-preview:-1\" \/>\n<link rel=\"canonical\" href=\"https:\/\/www.eroticpraguemassage.com\/en\/masseuses-and-masseurs\/\" \/>\n<meta property=\"og:locale\" content=\"en_US\" \/>\n<meta property=\"og:type\" content=\"article\" \/>\n<meta property=\"og:title\" content=\"Masseuses Prague - Choice of our Young Girls providing Erotic Massages\" \/>\n<meta property=\"og:description\" content=\"You will find young, charming masseuses in our massage parlour in Prague! Our girls are talented professionals in the art of erotic massages and sexuality.\" \/>\n<meta property=\"og:url\" content=\"https:\/\/www.eroticpraguemassage.com\/en\/masseuses-and-masseurs\/\" \/>\n<meta property=\"og:site_name\" content=\"Erotick\u00e9 mas\u00e1\u017ee v Praze s escort servisem\" \/>\n<meta property=\"article:modified_time\" content=\"2017-11-07T22:44:35+00:00\" \/>\n<meta name=\"twitter:card\" content=\"summary_large_image\" \/>\n<meta name=\"twitter:label1\" content=\"Est. reading time\" \/>\n\t<meta name=\"twitter:data1\" content=\"2 minutes\" \/>\n<script type=\"application\/ld+json\" class=\"yoast-schema-graph\">{\"@context\":\"https:\/\/schema.org\",\"@graph\":[{\"@type\":\"WebSite\",\"@id\":\"https:\/\/www.eroticpraguemassage.com\/en\/#website\",\"url\":\"https:\/\/www.eroticpraguemassage.com\/en\/\",\"name\":\"Erotick\\u00e9 mas\\u00e1\\u017ee v Praze s escort servisem\",\"description\":\"Za\\u017eijte luxusn\\u00ed erotick\\u00e9 mas\\u00e1\\u017ee v Praze! Krom\\u011b erotick\\u00fdch mas\\u00e1\\u017e\\u00ed nab\\u00edz\\u00edme tantra mas\\u00e1\\u017ee, nuru mas\\u00e1\\u017ee, escort mas\\u00e1\\u017ee a dal\\u0161\\u00ed.\",\"potentialAction\":[{\"@type\":\"SearchAction\",\"target\":{\"@type\":\"EntryPoint\",\"urlTemplate\":\"https:\/\/www.eroticpraguemassage.com\/en\/?s={search_term_string}\"},\"query-input\":\"required name=search_term_string\"}],\"inLanguage\":\"en-US\"},{\"@type\":\"WebPage\",\"@id\":\"https:\/\/www.eroticpraguemassage.com\/en\/masseuses-and-masseurs\/#webpage\",\"url\":\"https:\/\/www.eroticpraguemassage.com\/en\/masseuses-and-masseurs\/\",\"name\":\"Masseuses Prague - Choice of our Young Girls providing Erotic Massages\",\"isPartOf\":{\"@id\":\"https:\/\/www.eroticpraguemassage.com\/en\/#website\"},\"datePublished\":\"2016-01-08T11:57:27+00:00\",\"dateModified\":\"2017-11-07T22:44:35+00:00\",\"description\":\"You will find young, charming masseuses in our massage parlour in Prague! Our girls are talented professionals in the art of erotic massages and sexuality.\",\"breadcrumb\":{\"@id\":\"https:\/\/www.eroticpraguemassage.com\/en\/masseuses-and-masseurs\/#breadcrumb\"},\"inLanguage\":\"en-US\",\"potentialAction\":[{\"@type\":\"ReadAction\",\"target\":[\"https:\/\/www.eroticpraguemassage.com\/en\/masseuses-and-masseurs\/\"]}]},{\"@type\":\"BreadcrumbList\",\"@id\":\"https:\/\/www.eroticpraguemassage.com\/en\/masseuses-and-masseurs\/#breadcrumb\",\"itemListElement\":[{\"@type\":\"ListItem\",\"position\":1,\"name\":\"Dom\\u016f\",\"item\":\"https:\/\/www.eroticpraguemassage.com\/en\/\"},{\"@type\":\"ListItem\",\"position\":2,\"name\":\"Masseuses and masseurs\"}]}]}<\/script>\n<!-- \/ Yoast SEO plugin. -->","yoast_head_json":{"title":"Masseuses Prague - Choice of our Young Girls providing Erotic Massages","description":"You will find young, charming masseuses in our massage parlour in Prague! Our girls are talented professionals in the art of erotic massages and sexuality.","robots":{"index":"index","follow":"follow","max-snippet":"max-snippet:-1","max-image-preview":"max-image-preview:large","max-video-preview":"max-video-preview:-1"},"canonical":"https:\/\/www.eroticpraguemassage.com\/en\/masseuses-and-masseurs\/","og_locale":"en_US","og_type":"article","og_title":"Masseuses Prague - Choice of our Young Girls providing Erotic Massages","og_description":"You will find young, charming masseuses in our massage parlour in Prague! Our girls are talented professionals in the art of erotic massages and sexuality.","og_url":"https:\/\/www.eroticpraguemassage.com\/en\/masseuses-and-masseurs\/","og_site_name":"Erotick\u00e9 mas\u00e1\u017ee v Praze s escort servisem","article_modified_time":"2017-11-07T22:44:35+00:00","twitter_card":"summary_large_image","twitter_misc":{"Est. reading time":"2 minutes"},"schema":{"@context":"https:\/\/schema.org","@graph":[{"@type":"WebSite","@id":"https:\/\/www.eroticpraguemassage.com\/en\/#website","url":"https:\/\/www.eroticpraguemassage.com\/en\/","name":"Erotick\u00e9 mas\u00e1\u017ee v Praze s escort servisem","description":"Za\u017eijte luxusn\u00ed erotick\u00e9 mas\u00e1\u017ee v Praze! Krom\u011b erotick\u00fdch mas\u00e1\u017e\u00ed nab\u00edz\u00edme tantra mas\u00e1\u017ee, nuru mas\u00e1\u017ee, escort mas\u00e1\u017ee a dal\u0161\u00ed.","potentialAction":[{"@type":"SearchAction","target":{"@type":"EntryPoint","urlTemplate":"https:\/\/www.eroticpraguemassage.com\/en\/?s={search_term_string}"},"query-input":"required name=search_term_string"}],"inLanguage":"en-US"},{"@type":"WebPage","@id":"https:\/\/www.eroticpraguemassage.com\/en\/masseuses-and-masseurs\/#webpage","url":"https:\/\/www.eroticpraguemassage.com\/en\/masseuses-and-masseurs\/","name":"Masseuses Prague - Choice of our Young Girls providing Erotic Massages","isPartOf":{"@id":"https:\/\/www.eroticpraguemassage.com\/en\/#website"},"datePublished":"2016-01-08T11:57:27+00:00","dateModified":"2017-11-07T22:44:35+00:00","description":"You will find young, charming masseuses in our massage parlour in Prague! Our girls are talented professionals in the art of erotic massages and sexuality.","breadcrumb":{"@id":"https:\/\/www.eroticpraguemassage.com\/en\/masseuses-and-masseurs\/#breadcrumb"},"inLanguage":"en-US","potentialAction":[{"@type":"ReadAction","target":["https:\/\/www.eroticpraguemassage.com\/en\/masseuses-and-masseurs\/"]}]},{"@type":"BreadcrumbList","@id":"https:\/\/www.eroticpraguemassage.com\/en\/masseuses-and-masseurs\/#breadcrumb","itemListElement":[{"@type":"ListItem","position":1,"name":"Dom\u016f","item":"https:\/\/www.eroticpraguemassage.com\/en\/"},{"@type":"ListItem","position":2,"name":"Masseuses and masseurs"}]}]}},"_links":{"self":[{"href":"https:\/\/www.eroticpraguemassage.com\/en\/wp-json\/wp\/v2\/pages\/518"}],"collection":[{"href":"https:\/\/www.eroticpraguemassage.com\/en\/wp-json\/wp\/v2\/pages"}],"about":[{"href":"https:\/\/www.eroticpraguemassage.com\/en\/wp-json\/wp\/v2\/types\/page"}],"author":[{"embeddable":true,"href":"https:\/\/www.eroticpraguemassage.com\/en\/wp-json\/wp\/v2\/users\/5"}],"replies":[{"embeddable":true,"href":"https:\/\/www.eroticpraguemassage.com\/en\/wp-json\/wp\/v2\/comments?post=518"}],"version-history":[{"count":0,"href":"https:\/\/www.eroticpraguemassage.com\/en\/wp-json\/wp\/v2\/pages\/518\/revisions"}],"wp:attachment":[{"href":"https:\/\/www.eroticpraguemassage.com\/en\/wp-json\/wp\/v2\/media?parent=518"}],"curies":[{"name":"wp","href":"https:\/\/api.w.org\/{rel}","templated":true}]}}