{"id":521,"date":"2016-01-08T12:57:50","date_gmt":"2016-01-08T11:57:50","guid":{"rendered":"http:\/\/www.eroticpraguemassage.com\/?page_id=521"},"modified":"2023-01-30T19:54:41","modified_gmt":"2023-01-30T18:54:41","slug":"contacts","status":"publish","type":"page","link":"https:\/\/www.eroticpraguemassage.com\/en\/contacts\/","title":{"rendered":"Contacts"},"content":{"rendered":"<p>Make your order of <a href=\"http:\/\/www.eroticpraguemassage.com\/en\/\">erotic massage<\/a> on this phone number: <strong><a href=\"tel:+420773223326\">+420 773 223 326<\/a><\/strong><br \/>\n<strong>Address:<\/strong> \u0158eznick\u00e1 23, 110 00 Nov\u00e9 M\u011bsto Prague 1<br \/>\n<strong>Email:<\/strong> <a href=\"mailto:eroticmassagenumberone@gmail.com\">eroticmassagenumberone@gmail.com<\/a><br \/>\n<iframe loading=\"lazy\" style=\"border: 0;\" src=\"https:\/\/www.google.com\/maps\/embed?pb=!1m18!1m12!1m3!1d10241.322204376384!2d14.418573551162188!3d50.08009779057719!2m3!1f0!2f0!3f0!3m2!1i1024!2i768!4f13.1!3m3!1m2!1s0x470b94bdf611a8ef%3A0x2dd5dc1f7c7cc418!2zTm92w6kgTcSbc3RvLCBQcmFoYQ!5e0!3m2!1scs!2scz!4v1658152509428!5m2!1scs!2scz\" width=\"100%\" height=\"250\" frameborder=\"0\" allowfullscreen=\"allowfullscreen\"><\/iframe><\/p>\n<h3>Ring white bell<\/h3>\n<p><a href=\"https:\/\/www.eroticpraguemassage.com\/wp-content\/uploads\/2023\/01\/\u0437\u043e\u0431\u0440\u0430\u0436\u0435\u043d\u043d\u044f_viber_2023-01-30_01-08-46-913.jpg\"><img loading=\"lazy\" class=\"alignnone size-medium wp-image-1596\" src=\"https:\/\/www.eroticpraguemassage.com\/wp-content\/uploads\/2023\/01\/\u0437\u043e\u0431\u0440\u0430\u0436\u0435\u043d\u043d\u044f_viber_2023-01-30_01-08-46-913-225x300.jpg\" alt=\"\" width=\"225\" height=\"300\" srcset=\"https:\/\/www.eroticpraguemassage.com\/wp-content\/uploads\/2023\/01\/\u0437\u043e\u0431\u0440\u0430\u0436\u0435\u043d\u043d\u044f_viber_2023-01-30_01-08-46-913-225x300.jpg 225w, https:\/\/www.eroticpraguemassage.com\/wp-content\/uploads\/2023\/01\/\u0437\u043e\u0431\u0440\u0430\u0436\u0435\u043d\u043d\u044f_viber_2023-01-30_01-08-46-913-767x1024.jpg 767w, https:\/\/www.eroticpraguemassage.com\/wp-content\/uploads\/2023\/01\/\u0437\u043e\u0431\u0440\u0430\u0436\u0435\u043d\u043d\u044f_viber_2023-01-30_01-08-46-913-768x1026.jpg 768w, https:\/\/www.eroticpraguemassage.com\/wp-content\/uploads\/2023\/01\/\u0437\u043e\u0431\u0440\u0430\u0436\u0435\u043d\u043d\u044f_viber_2023-01-30_01-08-46-913-1150x1536.jpg 1150w, https:\/\/www.eroticpraguemassage.com\/wp-content\/uploads\/2023\/01\/\u0437\u043e\u0431\u0440\u0430\u0436\u0435\u043d\u043d\u044f_viber_2023-01-30_01-08-46-913.jpg 1198w\" sizes=\"(max-width: 225px) 100vw, 225px\" \/><\/a>\u00a0<a href=\"https:\/\/www.eroticpraguemassage.com\/wp-content\/uploads\/2023\/01\/\u0437\u043e\u0431\u0440\u0430\u0436\u0435\u043d\u043d\u044f_viber_2023-01-30_20-48-02-372.png\"><img loading=\"lazy\" class=\"alignnone  wp-image-1604\" src=\"https:\/\/www.eroticpraguemassage.com\/wp-content\/uploads\/2023\/01\/\u0437\u043e\u0431\u0440\u0430\u0436\u0435\u043d\u043d\u044f_viber_2023-01-30_20-48-02-372-169x300.png\" alt=\"\" width=\"118\" height=\"209\" srcset=\"https:\/\/www.eroticpraguemassage.com\/wp-content\/uploads\/2023\/01\/\u0437\u043e\u0431\u0440\u0430\u0436\u0435\u043d\u043d\u044f_viber_2023-01-30_20-48-02-372-169x300.png 169w, https:\/\/www.eroticpraguemassage.com\/wp-content\/uploads\/2023\/01\/\u0437\u043e\u0431\u0440\u0430\u0436\u0435\u043d\u043d\u044f_viber_2023-01-30_20-48-02-372-576x1024.png 576w, https:\/\/www.eroticpraguemassage.com\/wp-content\/uploads\/2023\/01\/\u0437\u043e\u0431\u0440\u0430\u0436\u0435\u043d\u043d\u044f_viber_2023-01-30_20-48-02-372.png 750w\" sizes=\"(max-width: 118px) 100vw, 118px\" \/><\/a><\/p>\n<div class=\"gold-form\">\n<div class=\"h2 text-center\">Contact us<\/div>\n<div role=\"form\" class=\"wpcf7\" id=\"wpcf7-f78-o1\" lang=\"en-US\" dir=\"ltr\">\n<div class=\"screen-reader-response\"><p role=\"status\" aria-live=\"polite\" aria-atomic=\"true\"><\/p> <ul><\/ul><\/div>\n<form action=\"\/en\/wp-json\/wp\/v2\/pages\/521#wpcf7-f78-o1\" method=\"post\" class=\"wpcf7-form init\" novalidate=\"novalidate\" data-status=\"init\">\n<div style=\"display: none;\">\n<input type=\"hidden\" name=\"_wpcf7\" value=\"78\" \/>\n<input type=\"hidden\" name=\"_wpcf7_version\" value=\"5.5.3\" \/>\n<input type=\"hidden\" name=\"_wpcf7_locale\" value=\"en_US\" \/>\n<input type=\"hidden\" name=\"_wpcf7_unit_tag\" value=\"wpcf7-f78-o1\" \/>\n<input type=\"hidden\" name=\"_wpcf7_container_post\" value=\"0\" \/>\n<input type=\"hidden\" name=\"_wpcf7_posted_data_hash\" value=\"\" \/>\n<\/div>\n<div class=\"contact-form\">\n<div class=\"row\">\n<div class=\"col-md-6\">\n<p>\n<span class=\"wpcf7-form-control-wrap text-525\"><input type=\"text\" name=\"text-525\" value=\"\" size=\"40\" class=\"wpcf7-form-control wpcf7-text wpcf7-validates-as-required\" aria-required=\"true\" aria-invalid=\"false\" placeholder=\"Your name\" \/><\/span>\n<\/p>\n<\/div>\n<div class=\"col-md-6\">\n<p>\n<span class=\"wpcf7-form-control-wrap tel\"><input type=\"tel\" name=\"tel\" value=\"\" size=\"40\" class=\"wpcf7-form-control wpcf7-text wpcf7-tel wpcf7-validates-as-tel\" aria-invalid=\"false\" placeholder=\"Your phone number (with country code)\" \/><\/span>\n<\/p>\n<\/div>\n<div class=\"col-md-12\">\n<p>\n<span class=\"wpcf7-form-control-wrap email\"><input type=\"email\" name=\"email\" value=\"\" size=\"40\" class=\"wpcf7-form-control wpcf7-text wpcf7-email wpcf7-validates-as-required wpcf7-validates-as-email\" aria-required=\"true\" aria-invalid=\"false\" placeholder=\"Your email\" \/><\/span>\n<\/p>\n<\/div>\n<\/div>\n<div class=\"row\">\n<div class=\"col-md-12\">\n<p>\n<span class=\"wpcf7-form-control-wrap your-message\"><textarea name=\"your-message\" cols=\"40\" rows=\"10\" class=\"wpcf7-form-control wpcf7-textarea\" aria-invalid=\"false\" placeholder=\"Date? At what time?\"><\/textarea><\/span>\n<\/p>\n<p>\n<input type=\"submit\" value=\"Send\" class=\"wpcf7-form-control has-spinner wpcf7-submit button\" \/>\n<\/p><\/div>\n<\/div>\n<\/div>\n<input type='hidden' class='wpcf7-pum' value='{\"closepopup\":false,\"closedelay\":0,\"openpopup\":false,\"openpopup_id\":0}' \/><div class=\"wpcf7-response-output\" aria-hidden=\"true\"><\/div><\/form><\/div>\n<\/div>\n","protected":false},"excerpt":{"rendered":"<p>Make your order of erotic massage on this phone number: +420 773 223 326 Address: \u0158eznick\u00e1 23, 110 00 Nov\u00e9 M\u011bsto Prague 1 Email: eroticmassagenumberone@gmail.com Ring white bell \u00a0 Contact us<\/p>\n","protected":false},"author":5,"featured_media":0,"parent":0,"menu_order":15,"comment_status":"open","ping_status":"open","template":"","meta":[],"acf":[],"yoast_head":"<!-- This site is optimized with the Yoast SEO plugin v17.9 - https:\/\/yoast.com\/wordpress\/plugins\/seo\/ -->\n<title>Contact Us | Number One Massage \u2013 Erotic Massages Prague<\/title>\n<meta name=\"description\" content=\"Contact us anytime day or night! Our erotic massages parlour in Prague is open to you NONSTOP! Simply choose a type of massage, masseuse and a term.\" \/>\n<meta name=\"robots\" content=\"index, follow, max-snippet:-1, max-image-preview:large, max-video-preview:-1\" \/>\n<link rel=\"canonical\" href=\"https:\/\/www.eroticpraguemassage.com\/en\/contacts\/\" \/>\n<meta property=\"og:locale\" content=\"en_US\" \/>\n<meta property=\"og:type\" content=\"article\" \/>\n<meta property=\"og:title\" content=\"Contact Us | Number One Massage \u2013 Erotic Massages Prague\" \/>\n<meta property=\"og:description\" content=\"Contact us anytime day or night! Our erotic massages parlour in Prague is open to you NONSTOP! Simply choose a type of massage, masseuse and a term.\" \/>\n<meta property=\"og:url\" content=\"https:\/\/www.eroticpraguemassage.com\/en\/contacts\/\" \/>\n<meta property=\"og:site_name\" content=\"Erotick\u00e9 mas\u00e1\u017ee v Praze s escort servisem\" \/>\n<meta property=\"article:modified_time\" content=\"2023-01-30T18:54:41+00:00\" \/>\n<meta property=\"og:image\" content=\"https:\/\/www.eroticpraguemassage.com\/wp-content\/uploads\/2023\/01\/\u0437\u043e\u0431\u0440\u0430\u0436\u0435\u043d\u043d\u044f_viber_2023-01-30_01-08-46-913-225x300.jpg\" \/>\n<meta name=\"twitter:card\" content=\"summary_large_image\" \/>\n<script type=\"application\/ld+json\" class=\"yoast-schema-graph\">{\"@context\":\"https:\/\/schema.org\",\"@graph\":[{\"@type\":\"WebSite\",\"@id\":\"https:\/\/www.eroticpraguemassage.com\/en\/#website\",\"url\":\"https:\/\/www.eroticpraguemassage.com\/en\/\",\"name\":\"Erotick\\u00e9 mas\\u00e1\\u017ee v Praze s escort servisem\",\"description\":\"Za\\u017eijte luxusn\\u00ed erotick\\u00e9 mas\\u00e1\\u017ee v Praze! Krom\\u011b erotick\\u00fdch mas\\u00e1\\u017e\\u00ed nab\\u00edz\\u00edme tantra mas\\u00e1\\u017ee, nuru mas\\u00e1\\u017ee, escort mas\\u00e1\\u017ee a dal\\u0161\\u00ed.\",\"potentialAction\":[{\"@type\":\"SearchAction\",\"target\":{\"@type\":\"EntryPoint\",\"urlTemplate\":\"https:\/\/www.eroticpraguemassage.com\/en\/?s={search_term_string}\"},\"query-input\":\"required name=search_term_string\"}],\"inLanguage\":\"en-US\"},{\"@type\":\"ImageObject\",\"@id\":\"https:\/\/www.eroticpraguemassage.com\/en\/contacts\/#primaryimage\",\"inLanguage\":\"en-US\",\"url\":\"https:\/\/www.eroticpraguemassage.com\/wp-content\/uploads\/2023\/01\/\\u0437\\u043e\\u0431\\u0440\\u0430\\u0436\\u0435\\u043d\\u043d\\u044f_viber_2023-01-30_01-08-46-913.jpg\",\"contentUrl\":\"https:\/\/www.eroticpraguemassage.com\/wp-content\/uploads\/2023\/01\/\\u0437\\u043e\\u0431\\u0440\\u0430\\u0436\\u0435\\u043d\\u043d\\u044f_viber_2023-01-30_01-08-46-913.jpg\",\"width\":1198,\"height\":1600},{\"@type\":\"WebPage\",\"@id\":\"https:\/\/www.eroticpraguemassage.com\/en\/contacts\/#webpage\",\"url\":\"https:\/\/www.eroticpraguemassage.com\/en\/contacts\/\",\"name\":\"Contact Us | Number One Massage \\u2013 Erotic Massages Prague\",\"isPartOf\":{\"@id\":\"https:\/\/www.eroticpraguemassage.com\/en\/#website\"},\"primaryImageOfPage\":{\"@id\":\"https:\/\/www.eroticpraguemassage.com\/en\/contacts\/#primaryimage\"},\"datePublished\":\"2016-01-08T11:57:50+00:00\",\"dateModified\":\"2023-01-30T18:54:41+00:00\",\"description\":\"Contact us anytime day or night! Our erotic massages parlour in Prague is open to you NONSTOP! Simply choose a type of massage, masseuse and a term.\",\"breadcrumb\":{\"@id\":\"https:\/\/www.eroticpraguemassage.com\/en\/contacts\/#breadcrumb\"},\"inLanguage\":\"en-US\",\"potentialAction\":[{\"@type\":\"ReadAction\",\"target\":[\"https:\/\/www.eroticpraguemassage.com\/en\/contacts\/\"]}]},{\"@type\":\"BreadcrumbList\",\"@id\":\"https:\/\/www.eroticpraguemassage.com\/en\/contacts\/#breadcrumb\",\"itemListElement\":[{\"@type\":\"ListItem\",\"position\":1,\"name\":\"Dom\\u016f\",\"item\":\"https:\/\/www.eroticpraguemassage.com\/en\/\"},{\"@type\":\"ListItem\",\"position\":2,\"name\":\"Contacts\"}]}]}<\/script>\n<!-- \/ Yoast SEO plugin. -->","yoast_head_json":{"title":"Contact Us | Number One Massage \u2013 Erotic Massages Prague","description":"Contact us anytime day or night! Our erotic massages parlour in Prague is open to you NONSTOP! Simply choose a type of massage, masseuse and a term.","robots":{"index":"index","follow":"follow","max-snippet":"max-snippet:-1","max-image-preview":"max-image-preview:large","max-video-preview":"max-video-preview:-1"},"canonical":"https:\/\/www.eroticpraguemassage.com\/en\/contacts\/","og_locale":"en_US","og_type":"article","og_title":"Contact Us | Number One Massage \u2013 Erotic Massages Prague","og_description":"Contact us anytime day or night! Our erotic massages parlour in Prague is open to you NONSTOP! Simply choose a type of massage, masseuse and a term.","og_url":"https:\/\/www.eroticpraguemassage.com\/en\/contacts\/","og_site_name":"Erotick\u00e9 mas\u00e1\u017ee v Praze s escort servisem","article_modified_time":"2023-01-30T18:54:41+00:00","og_image":[{"url":"https:\/\/www.eroticpraguemassage.com\/wp-content\/uploads\/2023\/01\/\u0437\u043e\u0431\u0440\u0430\u0436\u0435\u043d\u043d\u044f_viber_2023-01-30_01-08-46-913-225x300.jpg"}],"twitter_card":"summary_large_image","schema":{"@context":"https:\/\/schema.org","@graph":[{"@type":"WebSite","@id":"https:\/\/www.eroticpraguemassage.com\/en\/#website","url":"https:\/\/www.eroticpraguemassage.com\/en\/","name":"Erotick\u00e9 mas\u00e1\u017ee v Praze s escort servisem","description":"Za\u017eijte luxusn\u00ed erotick\u00e9 mas\u00e1\u017ee v Praze! Krom\u011b erotick\u00fdch mas\u00e1\u017e\u00ed nab\u00edz\u00edme tantra mas\u00e1\u017ee, nuru mas\u00e1\u017ee, escort mas\u00e1\u017ee a dal\u0161\u00ed.","potentialAction":[{"@type":"SearchAction","target":{"@type":"EntryPoint","urlTemplate":"https:\/\/www.eroticpraguemassage.com\/en\/?s={search_term_string}"},"query-input":"required name=search_term_string"}],"inLanguage":"en-US"},{"@type":"ImageObject","@id":"https:\/\/www.eroticpraguemassage.com\/en\/contacts\/#primaryimage","inLanguage":"en-US","url":"https:\/\/www.eroticpraguemassage.com\/wp-content\/uploads\/2023\/01\/\u0437\u043e\u0431\u0440\u0430\u0436\u0435\u043d\u043d\u044f_viber_2023-01-30_01-08-46-913.jpg","contentUrl":"https:\/\/www.eroticpraguemassage.com\/wp-content\/uploads\/2023\/01\/\u0437\u043e\u0431\u0440\u0430\u0436\u0435\u043d\u043d\u044f_viber_2023-01-30_01-08-46-913.jpg","width":1198,"height":1600},{"@type":"WebPage","@id":"https:\/\/www.eroticpraguemassage.com\/en\/contacts\/#webpage","url":"https:\/\/www.eroticpraguemassage.com\/en\/contacts\/","name":"Contact Us | Number One Massage \u2013 Erotic Massages Prague","isPartOf":{"@id":"https:\/\/www.eroticpraguemassage.com\/en\/#website"},"primaryImageOfPage":{"@id":"https:\/\/www.eroticpraguemassage.com\/en\/contacts\/#primaryimage"},"datePublished":"2016-01-08T11:57:50+00:00","dateModified":"2023-01-30T18:54:41+00:00","description":"Contact us anytime day or night! Our erotic massages parlour in Prague is open to you NONSTOP! Simply choose a type of massage, masseuse and a term.","breadcrumb":{"@id":"https:\/\/www.eroticpraguemassage.com\/en\/contacts\/#breadcrumb"},"inLanguage":"en-US","potentialAction":[{"@type":"ReadAction","target":["https:\/\/www.eroticpraguemassage.com\/en\/contacts\/"]}]},{"@type":"BreadcrumbList","@id":"https:\/\/www.eroticpraguemassage.com\/en\/contacts\/#breadcrumb","itemListElement":[{"@type":"ListItem","position":1,"name":"Dom\u016f","item":"https:\/\/www.eroticpraguemassage.com\/en\/"},{"@type":"ListItem","position":2,"name":"Contacts"}]}]}},"_links":{"self":[{"href":"https:\/\/www.eroticpraguemassage.com\/en\/wp-json\/wp\/v2\/pages\/521"}],"collection":[{"href":"https:\/\/www.eroticpraguemassage.com\/en\/wp-json\/wp\/v2\/pages"}],"about":[{"href":"https:\/\/www.eroticpraguemassage.com\/en\/wp-json\/wp\/v2\/types\/page"}],"author":[{"embeddable":true,"href":"https:\/\/www.eroticpraguemassage.com\/en\/wp-json\/wp\/v2\/users\/5"}],"replies":[{"embeddable":true,"href":"https:\/\/www.eroticpraguemassage.com\/en\/wp-json\/wp\/v2\/comments?post=521"}],"version-history":[{"count":5,"href":"https:\/\/www.eroticpraguemassage.com\/en\/wp-json\/wp\/v2\/pages\/521\/revisions"}],"predecessor-version":[{"id":1608,"href":"https:\/\/www.eroticpraguemassage.com\/en\/wp-json\/wp\/v2\/pages\/521\/revisions\/1608"}],"wp:attachment":[{"href":"https:\/\/www.eroticpraguemassage.com\/en\/wp-json\/wp\/v2\/media?parent=521"}],"curies":[{"name":"wp","href":"https:\/\/api.w.org\/{rel}","templated":true}]}}