{"id":525,"date":"2016-01-08T12:58:22","date_gmt":"2016-01-08T11:58:22","guid":{"rendered":"http:\/\/www.eroticpraguemassage.com\/?page_id=525"},"modified":"2023-10-31T19:55:24","modified_gmt":"2023-10-31T18:55:24","slug":"massage-offer","status":"publish","type":"page","link":"https:\/\/www.eroticpraguemassage.com\/en\/massage-offer\/","title":{"rendered":"Types of Erotic Massages"},"content":{"rendered":"","protected":false},"excerpt":{"rendered":"","protected":false},"author":5,"featured_media":0,"parent":0,"menu_order":17,"comment_status":"open","ping_status":"open","template":"template-masaze.php","meta":[],"acf":[],"yoast_head":"<!-- This site is optimized with the Yoast SEO plugin v17.9 - https:\/\/yoast.com\/wordpress\/plugins\/seo\/ -->\n<title>Types of Erotic Massages - Offer of our Erotic Massage Parlour in Prague<\/title>\n<meta name=\"description\" content=\"Tantra or Nuru Massage, Massage with Two Masseuses, FemDom Massage (Dominance) and RolePlay Massage (Roles &amp; Costumes). Escort possibility within Prague!\" \/>\n<meta name=\"robots\" content=\"index, follow, max-snippet:-1, max-image-preview:large, max-video-preview:-1\" \/>\n<link rel=\"canonical\" href=\"https:\/\/www.eroticpraguemassage.com\/en\/massage-offer\/\" \/>\n<meta property=\"og:locale\" content=\"en_US\" \/>\n<meta property=\"og:type\" content=\"article\" \/>\n<meta property=\"og:title\" content=\"Types of Erotic Massages - Offer of our Erotic Massage Parlour in Prague\" \/>\n<meta property=\"og:description\" content=\"Tantra or Nuru Massage, Massage with Two Masseuses, FemDom Massage (Dominance) and RolePlay Massage (Roles &amp; Costumes). Escort possibility within Prague!\" \/>\n<meta property=\"og:url\" content=\"https:\/\/www.eroticpraguemassage.com\/en\/massage-offer\/\" \/>\n<meta property=\"og:site_name\" content=\"Erotick\u00e9 mas\u00e1\u017ee v Praze s escort servisem\" \/>\n<meta property=\"article:modified_time\" content=\"2023-10-31T18:55:24+00:00\" \/>\n<meta name=\"twitter:card\" content=\"summary_large_image\" \/>\n<script type=\"application\/ld+json\" class=\"yoast-schema-graph\">{\"@context\":\"https:\/\/schema.org\",\"@graph\":[{\"@type\":\"WebSite\",\"@id\":\"https:\/\/www.eroticpraguemassage.com\/en\/#website\",\"url\":\"https:\/\/www.eroticpraguemassage.com\/en\/\",\"name\":\"Erotick\\u00e9 mas\\u00e1\\u017ee v Praze s escort servisem\",\"description\":\"Za\\u017eijte luxusn\\u00ed erotick\\u00e9 mas\\u00e1\\u017ee v Praze! Krom\\u011b erotick\\u00fdch mas\\u00e1\\u017e\\u00ed nab\\u00edz\\u00edme tantra mas\\u00e1\\u017ee, nuru mas\\u00e1\\u017ee, escort mas\\u00e1\\u017ee a dal\\u0161\\u00ed.\",\"potentialAction\":[{\"@type\":\"SearchAction\",\"target\":{\"@type\":\"EntryPoint\",\"urlTemplate\":\"https:\/\/www.eroticpraguemassage.com\/en\/?s={search_term_string}\"},\"query-input\":\"required name=search_term_string\"}],\"inLanguage\":\"en-US\"},{\"@type\":\"WebPage\",\"@id\":\"https:\/\/www.eroticpraguemassage.com\/en\/massage-offer\/#webpage\",\"url\":\"https:\/\/www.eroticpraguemassage.com\/en\/massage-offer\/\",\"name\":\"Types of Erotic Massages - Offer of our Erotic Massage Parlour in Prague\",\"isPartOf\":{\"@id\":\"https:\/\/www.eroticpraguemassage.com\/en\/#website\"},\"datePublished\":\"2016-01-08T11:58:22+00:00\",\"dateModified\":\"2023-10-31T18:55:24+00:00\",\"description\":\"Tantra or Nuru Massage, Massage with Two Masseuses, FemDom Massage (Dominance) and RolePlay Massage (Roles & Costumes). Escort possibility within Prague!\",\"breadcrumb\":{\"@id\":\"https:\/\/www.eroticpraguemassage.com\/en\/massage-offer\/#breadcrumb\"},\"inLanguage\":\"en-US\",\"potentialAction\":[{\"@type\":\"ReadAction\",\"target\":[\"https:\/\/www.eroticpraguemassage.com\/en\/massage-offer\/\"]}]},{\"@type\":\"BreadcrumbList\",\"@id\":\"https:\/\/www.eroticpraguemassage.com\/en\/massage-offer\/#breadcrumb\",\"itemListElement\":[{\"@type\":\"ListItem\",\"position\":1,\"name\":\"Dom\\u016f\",\"item\":\"https:\/\/www.eroticpraguemassage.com\/en\/\"},{\"@type\":\"ListItem\",\"position\":2,\"name\":\"Types of Erotic Massages\"}]}]}<\/script>\n<!-- \/ Yoast SEO plugin. -->","yoast_head_json":{"title":"Types of Erotic Massages - Offer of our Erotic Massage Parlour in Prague","description":"Tantra or Nuru Massage, Massage with Two Masseuses, FemDom Massage (Dominance) and RolePlay Massage (Roles & Costumes). Escort possibility within Prague!","robots":{"index":"index","follow":"follow","max-snippet":"max-snippet:-1","max-image-preview":"max-image-preview:large","max-video-preview":"max-video-preview:-1"},"canonical":"https:\/\/www.eroticpraguemassage.com\/en\/massage-offer\/","og_locale":"en_US","og_type":"article","og_title":"Types of Erotic Massages - Offer of our Erotic Massage Parlour in Prague","og_description":"Tantra or Nuru Massage, Massage with Two Masseuses, FemDom Massage (Dominance) and RolePlay Massage (Roles & Costumes). Escort possibility within Prague!","og_url":"https:\/\/www.eroticpraguemassage.com\/en\/massage-offer\/","og_site_name":"Erotick\u00e9 mas\u00e1\u017ee v Praze s escort servisem","article_modified_time":"2023-10-31T18:55:24+00:00","twitter_card":"summary_large_image","schema":{"@context":"https:\/\/schema.org","@graph":[{"@type":"WebSite","@id":"https:\/\/www.eroticpraguemassage.com\/en\/#website","url":"https:\/\/www.eroticpraguemassage.com\/en\/","name":"Erotick\u00e9 mas\u00e1\u017ee v Praze s escort servisem","description":"Za\u017eijte luxusn\u00ed erotick\u00e9 mas\u00e1\u017ee v Praze! Krom\u011b erotick\u00fdch mas\u00e1\u017e\u00ed nab\u00edz\u00edme tantra mas\u00e1\u017ee, nuru mas\u00e1\u017ee, escort mas\u00e1\u017ee a dal\u0161\u00ed.","potentialAction":[{"@type":"SearchAction","target":{"@type":"EntryPoint","urlTemplate":"https:\/\/www.eroticpraguemassage.com\/en\/?s={search_term_string}"},"query-input":"required name=search_term_string"}],"inLanguage":"en-US"},{"@type":"WebPage","@id":"https:\/\/www.eroticpraguemassage.com\/en\/massage-offer\/#webpage","url":"https:\/\/www.eroticpraguemassage.com\/en\/massage-offer\/","name":"Types of Erotic Massages - Offer of our Erotic Massage Parlour in Prague","isPartOf":{"@id":"https:\/\/www.eroticpraguemassage.com\/en\/#website"},"datePublished":"2016-01-08T11:58:22+00:00","dateModified":"2023-10-31T18:55:24+00:00","description":"Tantra or Nuru Massage, Massage with Two Masseuses, FemDom Massage (Dominance) and RolePlay Massage (Roles & Costumes). Escort possibility within Prague!","breadcrumb":{"@id":"https:\/\/www.eroticpraguemassage.com\/en\/massage-offer\/#breadcrumb"},"inLanguage":"en-US","potentialAction":[{"@type":"ReadAction","target":["https:\/\/www.eroticpraguemassage.com\/en\/massage-offer\/"]}]},{"@type":"BreadcrumbList","@id":"https:\/\/www.eroticpraguemassage.com\/en\/massage-offer\/#breadcrumb","itemListElement":[{"@type":"ListItem","position":1,"name":"Dom\u016f","item":"https:\/\/www.eroticpraguemassage.com\/en\/"},{"@type":"ListItem","position":2,"name":"Types of Erotic Massages"}]}]}},"_links":{"self":[{"href":"https:\/\/www.eroticpraguemassage.com\/en\/wp-json\/wp\/v2\/pages\/525"}],"collection":[{"href":"https:\/\/www.eroticpraguemassage.com\/en\/wp-json\/wp\/v2\/pages"}],"about":[{"href":"https:\/\/www.eroticpraguemassage.com\/en\/wp-json\/wp\/v2\/types\/page"}],"author":[{"embeddable":true,"href":"https:\/\/www.eroticpraguemassage.com\/en\/wp-json\/wp\/v2\/users\/5"}],"replies":[{"embeddable":true,"href":"https:\/\/www.eroticpraguemassage.com\/en\/wp-json\/wp\/v2\/comments?post=525"}],"version-history":[{"count":1,"href":"https:\/\/www.eroticpraguemassage.com\/en\/wp-json\/wp\/v2\/pages\/525\/revisions"}],"predecessor-version":[{"id":1691,"href":"https:\/\/www.eroticpraguemassage.com\/en\/wp-json\/wp\/v2\/pages\/525\/revisions\/1691"}],"wp:attachment":[{"href":"https:\/\/www.eroticpraguemassage.com\/en\/wp-json\/wp\/v2\/media?parent=525"}],"curies":[{"name":"wp","href":"https:\/\/api.w.org\/{rel}","templated":true}]}}