{"id":528,"date":"2016-01-08T12:58:57","date_gmt":"2016-01-08T11:58:57","guid":{"rendered":"http:\/\/www.eroticpraguemassage.com\/?page_id=528"},"modified":"2023-10-31T19:37:45","modified_gmt":"2023-10-31T18:37:45","slug":"for-men","status":"publish","type":"page","link":"https:\/\/www.eroticpraguemassage.com\/en\/for-men\/","title":{"rendered":"Erotic Massages for Men"},"content":{"rendered":"<p><img loading=\"lazy\" class=\"size-medium wp-image-377 alignleft\" src=\"http:\/\/www.eroticpraguemassage.com\/wp-content\/uploads\/2015\/09\/masaz-pro-muze-300x200.jpg\" alt=\"erotic massage for men\" width=\"300\" height=\"200\" srcset=\"https:\/\/www.eroticpraguemassage.com\/wp-content\/uploads\/2015\/09\/masaz-pro-muze-300x200.jpg 300w, https:\/\/www.eroticpraguemassage.com\/wp-content\/uploads\/2015\/09\/masaz-pro-muze-250x167.jpg 250w, https:\/\/www.eroticpraguemassage.com\/wp-content\/uploads\/2015\/09\/masaz-pro-muze.jpg 500w\" sizes=\"(max-width: 300px) 100vw, 300px\" \/><\/p>\n<div class=\"gold-form\">\n<div class=\"h2 text-center\">Contact us<\/div>\n<div role=\"form\" class=\"wpcf7\" id=\"wpcf7-f78-o1\" lang=\"en-US\" dir=\"ltr\">\n<div class=\"screen-reader-response\"><p role=\"status\" aria-live=\"polite\" aria-atomic=\"true\"><\/p> <ul><\/ul><\/div>\n<form action=\"\/en\/wp-json\/wp\/v2\/pages\/528#wpcf7-f78-o1\" method=\"post\" class=\"wpcf7-form init\" novalidate=\"novalidate\" data-status=\"init\">\n<div style=\"display: none;\">\n<input type=\"hidden\" name=\"_wpcf7\" value=\"78\" \/>\n<input type=\"hidden\" name=\"_wpcf7_version\" value=\"5.5.3\" \/>\n<input type=\"hidden\" name=\"_wpcf7_locale\" value=\"en_US\" \/>\n<input type=\"hidden\" name=\"_wpcf7_unit_tag\" value=\"wpcf7-f78-o1\" \/>\n<input type=\"hidden\" name=\"_wpcf7_container_post\" value=\"0\" \/>\n<input type=\"hidden\" name=\"_wpcf7_posted_data_hash\" value=\"\" \/>\n<\/div>\n<div class=\"contact-form\">\n<div class=\"row\">\n<div class=\"col-md-6\">\n<p>\n<span class=\"wpcf7-form-control-wrap text-525\"><input type=\"text\" name=\"text-525\" value=\"\" size=\"40\" class=\"wpcf7-form-control wpcf7-text wpcf7-validates-as-required\" aria-required=\"true\" aria-invalid=\"false\" placeholder=\"Your name\" \/><\/span>\n<\/p>\n<\/div>\n<div class=\"col-md-6\">\n<p>\n<span class=\"wpcf7-form-control-wrap tel\"><input type=\"tel\" name=\"tel\" value=\"\" size=\"40\" class=\"wpcf7-form-control wpcf7-text wpcf7-tel wpcf7-validates-as-tel\" aria-invalid=\"false\" placeholder=\"Your phone number (with country code)\" \/><\/span>\n<\/p>\n<\/div>\n<div class=\"col-md-12\">\n<p>\n<span class=\"wpcf7-form-control-wrap email\"><input type=\"email\" name=\"email\" value=\"\" size=\"40\" class=\"wpcf7-form-control wpcf7-text wpcf7-email wpcf7-validates-as-required wpcf7-validates-as-email\" aria-required=\"true\" aria-invalid=\"false\" placeholder=\"Your email\" \/><\/span>\n<\/p>\n<\/div>\n<\/div>\n<div class=\"row\">\n<div class=\"col-md-12\">\n<p>\n<span class=\"wpcf7-form-control-wrap your-message\"><textarea name=\"your-message\" cols=\"40\" rows=\"10\" class=\"wpcf7-form-control wpcf7-textarea\" aria-invalid=\"false\" placeholder=\"Date? At what time?\"><\/textarea><\/span>\n<\/p>\n<p>\n<input type=\"submit\" value=\"Send\" class=\"wpcf7-form-control has-spinner wpcf7-submit button\" \/>\n<\/p><\/div>\n<\/div>\n<\/div>\n<input type='hidden' class='wpcf7-pum' value='{\"closepopup\":false,\"closedelay\":0,\"openpopup\":false,\"openpopup_id\":0}' \/><div class=\"wpcf7-response-output\" aria-hidden=\"true\"><\/div><\/form><\/div>\n<\/div>\n","protected":false},"excerpt":{"rendered":"<p>Contact us<\/p>\n","protected":false},"author":5,"featured_media":377,"parent":0,"menu_order":18,"comment_status":"open","ping_status":"open","template":"","meta":[],"acf":[],"yoast_head":"<!-- This site is optimized with the Yoast SEO plugin v17.9 - https:\/\/yoast.com\/wordpress\/plugins\/seo\/ -->\n<title>Erotic Massages for Men in Prague - Penis &amp; Prostate Intense Massages<\/title>\n<meta name=\"description\" content=\"Our Erotic Massages for Men are focused on all erogenous parts of man&#039;s body including intensive massage of penis and reaching the orgasm!\" \/>\n<meta name=\"robots\" content=\"index, follow, max-snippet:-1, max-image-preview:large, max-video-preview:-1\" \/>\n<link rel=\"canonical\" href=\"https:\/\/www.eroticpraguemassage.com\/en\/for-men\/\" \/>\n<meta property=\"og:locale\" content=\"en_US\" \/>\n<meta property=\"og:type\" content=\"article\" \/>\n<meta property=\"og:title\" content=\"Erotic Massages for Men in Prague - Penis &amp; Prostate Intense Massages\" \/>\n<meta property=\"og:description\" content=\"Our Erotic Massages for Men are focused on all erogenous parts of man&#039;s body including intensive massage of penis and reaching the orgasm!\" \/>\n<meta property=\"og:url\" content=\"https:\/\/www.eroticpraguemassage.com\/en\/for-men\/\" \/>\n<meta property=\"og:site_name\" content=\"Erotick\u00e9 mas\u00e1\u017ee v Praze s escort servisem\" \/>\n<meta property=\"article:modified_time\" content=\"2023-10-31T18:37:45+00:00\" \/>\n<meta property=\"og:image\" content=\"https:\/\/www.eroticpraguemassage.com\/wp-content\/uploads\/2015\/09\/masaz-pro-muze.jpg\" \/>\n\t<meta property=\"og:image:width\" content=\"500\" \/>\n\t<meta property=\"og:image:height\" content=\"333\" \/>\n\t<meta property=\"og:image:type\" content=\"image\/jpeg\" \/>\n<meta name=\"twitter:card\" content=\"summary_large_image\" \/>\n<script type=\"application\/ld+json\" class=\"yoast-schema-graph\">{\"@context\":\"https:\/\/schema.org\",\"@graph\":[{\"@type\":\"WebSite\",\"@id\":\"https:\/\/www.eroticpraguemassage.com\/en\/#website\",\"url\":\"https:\/\/www.eroticpraguemassage.com\/en\/\",\"name\":\"Erotick\\u00e9 mas\\u00e1\\u017ee v Praze s escort servisem\",\"description\":\"Za\\u017eijte luxusn\\u00ed erotick\\u00e9 mas\\u00e1\\u017ee v Praze! Krom\\u011b erotick\\u00fdch mas\\u00e1\\u017e\\u00ed nab\\u00edz\\u00edme tantra mas\\u00e1\\u017ee, nuru mas\\u00e1\\u017ee, escort mas\\u00e1\\u017ee a dal\\u0161\\u00ed.\",\"potentialAction\":[{\"@type\":\"SearchAction\",\"target\":{\"@type\":\"EntryPoint\",\"urlTemplate\":\"https:\/\/www.eroticpraguemassage.com\/en\/?s={search_term_string}\"},\"query-input\":\"required name=search_term_string\"}],\"inLanguage\":\"en-US\"},{\"@type\":\"ImageObject\",\"@id\":\"https:\/\/www.eroticpraguemassage.com\/en\/for-men\/#primaryimage\",\"inLanguage\":\"en-US\",\"url\":\"https:\/\/www.eroticpraguemassage.com\/wp-content\/uploads\/2015\/09\/masaz-pro-muze.jpg\",\"contentUrl\":\"https:\/\/www.eroticpraguemassage.com\/wp-content\/uploads\/2015\/09\/masaz-pro-muze.jpg\",\"width\":500,\"height\":333,\"caption\":\"erotic massage for men\"},{\"@type\":\"WebPage\",\"@id\":\"https:\/\/www.eroticpraguemassage.com\/en\/for-men\/#webpage\",\"url\":\"https:\/\/www.eroticpraguemassage.com\/en\/for-men\/\",\"name\":\"Erotic Massages for Men in Prague - Penis & Prostate Intense Massages\",\"isPartOf\":{\"@id\":\"https:\/\/www.eroticpraguemassage.com\/en\/#website\"},\"primaryImageOfPage\":{\"@id\":\"https:\/\/www.eroticpraguemassage.com\/en\/for-men\/#primaryimage\"},\"datePublished\":\"2016-01-08T11:58:57+00:00\",\"dateModified\":\"2023-10-31T18:37:45+00:00\",\"description\":\"Our Erotic Massages for Men are focused on all erogenous parts of man's body including intensive massage of penis and reaching the orgasm!\",\"breadcrumb\":{\"@id\":\"https:\/\/www.eroticpraguemassage.com\/en\/for-men\/#breadcrumb\"},\"inLanguage\":\"en-US\",\"potentialAction\":[{\"@type\":\"ReadAction\",\"target\":[\"https:\/\/www.eroticpraguemassage.com\/en\/for-men\/\"]}]},{\"@type\":\"BreadcrumbList\",\"@id\":\"https:\/\/www.eroticpraguemassage.com\/en\/for-men\/#breadcrumb\",\"itemListElement\":[{\"@type\":\"ListItem\",\"position\":1,\"name\":\"Dom\\u016f\",\"item\":\"https:\/\/www.eroticpraguemassage.com\/en\/\"},{\"@type\":\"ListItem\",\"position\":2,\"name\":\"Erotic Massages for Men\"}]}]}<\/script>\n<!-- \/ Yoast SEO plugin. -->","yoast_head_json":{"title":"Erotic Massages for Men in Prague - Penis & Prostate Intense Massages","description":"Our Erotic Massages for Men are focused on all erogenous parts of man's body including intensive massage of penis and reaching the orgasm!","robots":{"index":"index","follow":"follow","max-snippet":"max-snippet:-1","max-image-preview":"max-image-preview:large","max-video-preview":"max-video-preview:-1"},"canonical":"https:\/\/www.eroticpraguemassage.com\/en\/for-men\/","og_locale":"en_US","og_type":"article","og_title":"Erotic Massages for Men in Prague - Penis & Prostate Intense Massages","og_description":"Our Erotic Massages for Men are focused on all erogenous parts of man's body including intensive massage of penis and reaching the orgasm!","og_url":"https:\/\/www.eroticpraguemassage.com\/en\/for-men\/","og_site_name":"Erotick\u00e9 mas\u00e1\u017ee v Praze s escort servisem","article_modified_time":"2023-10-31T18:37:45+00:00","og_image":[{"width":500,"height":333,"url":"https:\/\/www.eroticpraguemassage.com\/wp-content\/uploads\/2015\/09\/masaz-pro-muze.jpg","type":"image\/jpeg"}],"twitter_card":"summary_large_image","schema":{"@context":"https:\/\/schema.org","@graph":[{"@type":"WebSite","@id":"https:\/\/www.eroticpraguemassage.com\/en\/#website","url":"https:\/\/www.eroticpraguemassage.com\/en\/","name":"Erotick\u00e9 mas\u00e1\u017ee v Praze s escort servisem","description":"Za\u017eijte luxusn\u00ed erotick\u00e9 mas\u00e1\u017ee v Praze! Krom\u011b erotick\u00fdch mas\u00e1\u017e\u00ed nab\u00edz\u00edme tantra mas\u00e1\u017ee, nuru mas\u00e1\u017ee, escort mas\u00e1\u017ee a dal\u0161\u00ed.","potentialAction":[{"@type":"SearchAction","target":{"@type":"EntryPoint","urlTemplate":"https:\/\/www.eroticpraguemassage.com\/en\/?s={search_term_string}"},"query-input":"required name=search_term_string"}],"inLanguage":"en-US"},{"@type":"ImageObject","@id":"https:\/\/www.eroticpraguemassage.com\/en\/for-men\/#primaryimage","inLanguage":"en-US","url":"https:\/\/www.eroticpraguemassage.com\/wp-content\/uploads\/2015\/09\/masaz-pro-muze.jpg","contentUrl":"https:\/\/www.eroticpraguemassage.com\/wp-content\/uploads\/2015\/09\/masaz-pro-muze.jpg","width":500,"height":333,"caption":"erotic massage for men"},{"@type":"WebPage","@id":"https:\/\/www.eroticpraguemassage.com\/en\/for-men\/#webpage","url":"https:\/\/www.eroticpraguemassage.com\/en\/for-men\/","name":"Erotic Massages for Men in Prague - Penis & Prostate Intense Massages","isPartOf":{"@id":"https:\/\/www.eroticpraguemassage.com\/en\/#website"},"primaryImageOfPage":{"@id":"https:\/\/www.eroticpraguemassage.com\/en\/for-men\/#primaryimage"},"datePublished":"2016-01-08T11:58:57+00:00","dateModified":"2023-10-31T18:37:45+00:00","description":"Our Erotic Massages for Men are focused on all erogenous parts of man's body including intensive massage of penis and reaching the orgasm!","breadcrumb":{"@id":"https:\/\/www.eroticpraguemassage.com\/en\/for-men\/#breadcrumb"},"inLanguage":"en-US","potentialAction":[{"@type":"ReadAction","target":["https:\/\/www.eroticpraguemassage.com\/en\/for-men\/"]}]},{"@type":"BreadcrumbList","@id":"https:\/\/www.eroticpraguemassage.com\/en\/for-men\/#breadcrumb","itemListElement":[{"@type":"ListItem","position":1,"name":"Dom\u016f","item":"https:\/\/www.eroticpraguemassage.com\/en\/"},{"@type":"ListItem","position":2,"name":"Erotic Massages for Men"}]}]}},"_links":{"self":[{"href":"https:\/\/www.eroticpraguemassage.com\/en\/wp-json\/wp\/v2\/pages\/528"}],"collection":[{"href":"https:\/\/www.eroticpraguemassage.com\/en\/wp-json\/wp\/v2\/pages"}],"about":[{"href":"https:\/\/www.eroticpraguemassage.com\/en\/wp-json\/wp\/v2\/types\/page"}],"author":[{"embeddable":true,"href":"https:\/\/www.eroticpraguemassage.com\/en\/wp-json\/wp\/v2\/users\/5"}],"replies":[{"embeddable":true,"href":"https:\/\/www.eroticpraguemassage.com\/en\/wp-json\/wp\/v2\/comments?post=528"}],"version-history":[{"count":1,"href":"https:\/\/www.eroticpraguemassage.com\/en\/wp-json\/wp\/v2\/pages\/528\/revisions"}],"predecessor-version":[{"id":1680,"href":"https:\/\/www.eroticpraguemassage.com\/en\/wp-json\/wp\/v2\/pages\/528\/revisions\/1680"}],"wp:featuredmedia":[{"embeddable":true,"href":"https:\/\/www.eroticpraguemassage.com\/en\/wp-json\/wp\/v2\/media\/377"}],"wp:attachment":[{"href":"https:\/\/www.eroticpraguemassage.com\/en\/wp-json\/wp\/v2\/media?parent=528"}],"curies":[{"name":"wp","href":"https:\/\/api.w.org\/{rel}","templated":true}]}}